{"id":108,"date":"2022-11-03T15:20:15","date_gmt":"2022-11-03T18:20:15","guid":{"rendered":"https:\/\/silvergames.com.br\/?page_id=108"},"modified":"2022-11-11T10:06:02","modified_gmt":"2022-11-11T13:06:02","slug":"nossa-empresa","status":"publish","type":"page","link":"https:\/\/silvergames.com.br\/en\/nossa-empresa\/","title":{"rendered":"The Company"},"content":{"rendered":"<div data-elementor-type=\"wp-page\" data-elementor-id=\"108\" class=\"elementor elementor-108\">\n\t\t\t\t\t\t\t\t\t<section class=\"elementor-section elementor-top-section elementor-element elementor-element-d95d09e elementor-section-height-min-height elementor-section-boxed elementor-section-height-default elementor-section-items-middle\" data-id=\"d95d09e\" data-element_type=\"section\" data-settings=\"{&quot;background_background&quot;:&quot;classic&quot;}\">\n\t\t\t\t\t\t\t<div class=\"elementor-background-overlay\"><\/div>\n\t\t\t\t\t\t\t<div class=\"elementor-container elementor-column-gap-no\">\n\t\t\t\t\t<div class=\"elementor-column elementor-col-100 elementor-top-column elementor-element elementor-element-311e7b4\" data-id=\"311e7b4\" data-element_type=\"column\">\n\t\t\t<div class=\"elementor-widget-wrap\">\n\t\t\t\t\t\t\t\t\t<\/div>\n\t\t<\/div>\n\t\t\t\t\t\t\t<\/div>\n\t\t<\/section>\n\t\t\t\t<section class=\"elementor-section elementor-top-section elementor-element elementor-element-091eeef elementor-section-boxed elementor-section-height-default elementor-section-height-default\" data-id=\"091eeef\" data-element_type=\"section\">\n\t\t\t\t\t\t<div class=\"elementor-container elementor-column-gap-default\">\n\t\t\t\t\t<div class=\"elementor-column elementor-col-100 elementor-top-column elementor-element elementor-element-2d0c88d\" data-id=\"2d0c88d\" data-element_type=\"column\">\n\t\t\t<div class=\"elementor-widget-wrap elementor-element-populated\">\n\t\t\t\t\t\t\t\t<section class=\"elementor-section elementor-inner-section elementor-element elementor-element-446164c elementor-section-full_width elementor-section-height-default elementor-section-height-default\" data-id=\"446164c\" data-element_type=\"section\" data-settings=\"{&quot;background_background&quot;:&quot;classic&quot;}\">\n\t\t\t\t\t\t\t<div class=\"elementor-background-overlay\"><\/div>\n\t\t\t\t\t\t\t<div class=\"elementor-container elementor-column-gap-no\">\n\t\t\t\t\t<div class=\"elementor-column elementor-col-100 elementor-inner-column elementor-element elementor-element-fbae812\" data-id=\"fbae812\" data-element_type=\"column\">\n\t\t\t<div class=\"elementor-widget-wrap elementor-element-populated\">\n\t\t\t\t\t\t\t\t<div class=\"elementor-element elementor-element-872cac7 elementor-widget elementor-widget-heading\" data-id=\"872cac7\" data-element_type=\"widget\" data-widget_type=\"heading.default\">\n\t\t\t\t<div class=\"elementor-widget-container\">\n\t\t\t<style>\/*! elementor - v3.17.0 - 01-11-2023 *\/\n.elementor-heading-title{padding:0;margin:0;line-height:1}.elementor-widget-heading .elementor-heading-title[class*=elementor-size-]>a{color:inherit;font-size:inherit;line-height:inherit}.elementor-widget-heading .elementor-heading-title.elementor-size-small{font-size:15px}.elementor-widget-heading .elementor-heading-title.elementor-size-medium{font-size:19px}.elementor-widget-heading .elementor-heading-title.elementor-size-large{font-size:29px}.elementor-widget-heading .elementor-heading-title.elementor-size-xl{font-size:39px}.elementor-widget-heading .elementor-heading-title.elementor-size-xxl{font-size:59px}<\/style><h1 class=\"elementor-heading-title elementor-size-default\">OUR COMPANY<\/h1>\t\t<\/div>\n\t\t\t\t<\/div>\n\t\t\t\t<div class=\"elementor-element elementor-element-5c06044 elementor-widget-divider--view-line elementor-widget elementor-widget-divider\" data-id=\"5c06044\" data-element_type=\"widget\" data-widget_type=\"divider.default\">\n\t\t\t\t<div class=\"elementor-widget-container\">\n\t\t\t<style>\/*! elementor - v3.17.0 - 01-11-2023 *\/\n.elementor-widget-divider{--divider-border-style:none;--divider-border-width:1px;--divider-color:#0c0d0e;--divider-icon-size:20px;--divider-element-spacing:10px;--divider-pattern-height:24px;--divider-pattern-size:20px;--divider-pattern-url:none;--divider-pattern-repeat:repeat-x}.elementor-widget-divider .elementor-divider{display:flex}.elementor-widget-divider .elementor-divider__text{font-size:15px;line-height:1;max-width:95%}.elementor-widget-divider .elementor-divider__element{margin:0 var(--divider-element-spacing);flex-shrink:0}.elementor-widget-divider .elementor-icon{font-size:var(--divider-icon-size)}.elementor-widget-divider .elementor-divider-separator{display:flex;margin:0;direction:ltr}.elementor-widget-divider--view-line_icon .elementor-divider-separator,.elementor-widget-divider--view-line_text .elementor-divider-separator{align-items:center}.elementor-widget-divider--view-line_icon .elementor-divider-separator:after,.elementor-widget-divider--view-line_icon .elementor-divider-separator:before,.elementor-widget-divider--view-line_text .elementor-divider-separator:after,.elementor-widget-divider--view-line_text .elementor-divider-separator:before{display:block;content:\"\";border-bottom:0;flex-grow:1;border-top:var(--divider-border-width) var(--divider-border-style) var(--divider-color)}.elementor-widget-divider--element-align-left .elementor-divider .elementor-divider-separator>.elementor-divider__svg:first-of-type{flex-grow:0;flex-shrink:100}.elementor-widget-divider--element-align-left .elementor-divider-separator:before{content:none}.elementor-widget-divider--element-align-left .elementor-divider__element{margin-left:0}.elementor-widget-divider--element-align-right .elementor-divider .elementor-divider-separator>.elementor-divider__svg:last-of-type{flex-grow:0;flex-shrink:100}.elementor-widget-divider--element-align-right .elementor-divider-separator:after{content:none}.elementor-widget-divider--element-align-right .elementor-divider__element{margin-right:0}.elementor-widget-divider:not(.elementor-widget-divider--view-line_text):not(.elementor-widget-divider--view-line_icon) .elementor-divider-separator{border-top:var(--divider-border-width) var(--divider-border-style) var(--divider-color)}.elementor-widget-divider--separator-type-pattern{--divider-border-style:none}.elementor-widget-divider--separator-type-pattern.elementor-widget-divider--view-line .elementor-divider-separator,.elementor-widget-divider--separator-type-pattern:not(.elementor-widget-divider--view-line) .elementor-divider-separator:after,.elementor-widget-divider--separator-type-pattern:not(.elementor-widget-divider--view-line) .elementor-divider-separator:before,.elementor-widget-divider--separator-type-pattern:not([class*=elementor-widget-divider--view]) .elementor-divider-separator{width:100%;min-height:var(--divider-pattern-height);-webkit-mask-size:var(--divider-pattern-size) 100%;mask-size:var(--divider-pattern-size) 100%;-webkit-mask-repeat:var(--divider-pattern-repeat);mask-repeat:var(--divider-pattern-repeat);background-color:var(--divider-color);-webkit-mask-image:var(--divider-pattern-url);mask-image:var(--divider-pattern-url)}.elementor-widget-divider--no-spacing{--divider-pattern-size:auto}.elementor-widget-divider--bg-round{--divider-pattern-repeat:round}.rtl .elementor-widget-divider .elementor-divider__text{direction:rtl}.e-con-inner>.elementor-widget-divider,.e-con>.elementor-widget-divider{width:var(--container-widget-width,100%);--flex-grow:var(--container-widget-flex-grow)}<\/style>\t\t<div class=\"elementor-divider\">\n\t\t\t<span class=\"elementor-divider-separator\">\n\t\t\t\t\t\t<\/span>\n\t\t<\/div>\n\t\t\t\t<\/div>\n\t\t\t\t<\/div>\n\t\t\t\t<div class=\"elementor-element elementor-element-8fcaa8a elementor-widget elementor-widget-text-editor\" data-id=\"8fcaa8a\" data-element_type=\"widget\" data-widget_type=\"text-editor.default\">\n\t\t\t\t<div class=\"elementor-widget-container\">\n\t\t\t<style>\/*! elementor - v3.17.0 - 01-11-2023 *\/\n.elementor-widget-text-editor.elementor-drop-cap-view-stacked .elementor-drop-cap{background-color:#69727d;color:#fff}.elementor-widget-text-editor.elementor-drop-cap-view-framed .elementor-drop-cap{color:#69727d;border:3px solid;background-color:transparent}.elementor-widget-text-editor:not(.elementor-drop-cap-view-default) .elementor-drop-cap{margin-top:8px}.elementor-widget-text-editor:not(.elementor-drop-cap-view-default) .elementor-drop-cap-letter{width:1em;height:1em}.elementor-widget-text-editor .elementor-drop-cap{float:left;text-align:center;line-height:1;font-size:50px}.elementor-widget-text-editor .elementor-drop-cap-letter{display:inline-block}<\/style>\t\t\t\t<p>Silver Games was created in 2017 in the city of Brusque, Santa Catarina.<\/p><p>We developed a simple and fun gamified marketing platform that revolutionized\/reinvented the gaming market, thus becoming a reference in the sector.<\/p><p>Our mission is to change the gaming market through innovating products that offer a unique and fun experience to players.<\/p>\t\t\t\t\t\t<\/div>\n\t\t\t\t<\/div>\n\t\t\t\t\t<\/div>\n\t\t<\/div>\n\t\t\t\t\t\t\t<\/div>\n\t\t<\/section>\n\t\t\t\t\t<\/div>\n\t\t<\/div>\n\t\t\t\t\t\t\t<\/div>\n\t\t<\/section>\n\t\t\t\t<section class=\"elementor-section elementor-top-section elementor-element elementor-element-82e1b9f elementor-section-boxed elementor-section-height-default elementor-section-height-default\" data-id=\"82e1b9f\" data-element_type=\"section\">\n\t\t\t\t\t\t<div class=\"elementor-container elementor-column-gap-default\">\n\t\t\t\t\t<div class=\"elementor-column elementor-col-100 elementor-top-column elementor-element elementor-element-224e6c3\" data-id=\"224e6c3\" data-element_type=\"column\">\n\t\t\t<div class=\"elementor-widget-wrap elementor-element-populated\">\n\t\t\t\t\t\t\t\t<div class=\"elementor-element elementor-element-6908ff2 elementor-widget elementor-widget-image-gallery\" data-id=\"6908ff2\" data-element_type=\"widget\" data-widget_type=\"image-gallery.default\">\n\t\t\t\t<div class=\"elementor-widget-container\">\n\t\t\t<style>\/*! elementor - v3.17.0 - 01-11-2023 *\/\n.elementor-image-gallery .gallery-item{display:inline-block;text-align:center;vertical-align:top;width:100%;max-width:100%;margin:0 auto}.elementor-image-gallery .gallery-item img{margin:0 auto}.elementor-image-gallery .gallery-item .gallery-caption{margin:0}.elementor-image-gallery figure img{display:block}.elementor-image-gallery figure figcaption{width:100%}.gallery-spacing-custom .elementor-image-gallery .gallery-icon{padding:0}@media (min-width:768px){.elementor-image-gallery .gallery-columns-2 .gallery-item{max-width:50%}.elementor-image-gallery .gallery-columns-3 .gallery-item{max-width:33.33%}.elementor-image-gallery .gallery-columns-4 .gallery-item{max-width:25%}.elementor-image-gallery .gallery-columns-5 .gallery-item{max-width:20%}.elementor-image-gallery .gallery-columns-6 .gallery-item{max-width:16.666%}.elementor-image-gallery .gallery-columns-7 .gallery-item{max-width:14.28%}.elementor-image-gallery .gallery-columns-8 .gallery-item{max-width:12.5%}.elementor-image-gallery .gallery-columns-9 .gallery-item{max-width:11.11%}.elementor-image-gallery .gallery-columns-10 .gallery-item{max-width:10%}}@media (min-width:480px) and (max-width:767px){.elementor-image-gallery .gallery.gallery-columns-2 .gallery-item,.elementor-image-gallery .gallery.gallery-columns-3 .gallery-item,.elementor-image-gallery .gallery.gallery-columns-4 .gallery-item,.elementor-image-gallery .gallery.gallery-columns-5 .gallery-item,.elementor-image-gallery .gallery.gallery-columns-6 .gallery-item,.elementor-image-gallery .gallery.gallery-columns-7 .gallery-item,.elementor-image-gallery .gallery.gallery-columns-8 .gallery-item,.elementor-image-gallery .gallery.gallery-columns-9 .gallery-item,.elementor-image-gallery .gallery.gallery-columns-10 .gallery-item{max-width:50%}}@media (max-width:479px){.elementor-image-gallery .gallery.gallery-columns-2 .gallery-item,.elementor-image-gallery .gallery.gallery-columns-3 .gallery-item,.elementor-image-gallery .gallery.gallery-columns-4 .gallery-item,.elementor-image-gallery .gallery.gallery-columns-5 .gallery-item,.elementor-image-gallery .gallery.gallery-columns-6 .gallery-item,.elementor-image-gallery .gallery.gallery-columns-7 .gallery-item,.elementor-image-gallery .gallery.gallery-columns-8 .gallery-item,.elementor-image-gallery .gallery.gallery-columns-9 .gallery-item,.elementor-image-gallery .gallery.gallery-columns-10 .gallery-item{max-width:100%}}<\/style>\t\t<div class=\"elementor-image-gallery\">\n\t\t\t<div id='gallery-1' class='gallery galleryid-108 gallery-columns-2 gallery-size-medium_large'><figure class='gallery-item'>\n\t\t\t<div class='gallery-icon landscape'>\n\t\t\t\t<a data-elementor-open-lightbox=\"yes\" data-elementor-lightbox-slideshow=\"6908ff2\" data-elementor-lightbox-title=\"Equipe Silver Games\" data-e-action-hash=\"#elementor-action%3Aaction%3Dlightbox%26settings%3DeyJpZCI6MTI3LCJ1cmwiOiJodHRwczpcL1wvc2lsdmVyZ2FtZXMuY29tLmJyXC93cC1jb250ZW50XC91cGxvYWRzXC8yMDIyXC8xMVwvZXF1aXBlLWdhbGVyaWFfMDIuanBnIiwic2xpZGVzaG93IjoiNjkwOGZmMiJ9\" href='https:\/\/silvergames.com.br\/wp-content\/uploads\/2022\/11\/equipe-galeria_02.jpg'><img loading=\"lazy\" decoding=\"async\" width=\"768\" height=\"494\" src=\"https:\/\/silvergames.com.br\/wp-content\/uploads\/2022\/11\/equipe-galeria_02-768x494.jpg\" class=\"attachment-medium_large size-medium_large\" alt=\"\" srcset=\"https:\/\/silvergames.com.br\/wp-content\/uploads\/2022\/11\/equipe-galeria_02-768x494.jpg 768w, https:\/\/silvergames.com.br\/wp-content\/uploads\/2022\/11\/equipe-galeria_02-300x193.jpg 300w, https:\/\/silvergames.com.br\/wp-content\/uploads\/2022\/11\/equipe-galeria_02.jpg 1000w\" sizes=\"auto, (max-width: 768px) 100vw, 768px\" \/><\/a>\n\t\t\t<\/div><\/figure><figure class='gallery-item'>\n\t\t\t<div class='gallery-icon landscape'>\n\t\t\t\t<a data-elementor-open-lightbox=\"yes\" data-elementor-lightbox-slideshow=\"6908ff2\" data-elementor-lightbox-title=\"Equipe Silver Games\" data-e-action-hash=\"#elementor-action%3Aaction%3Dlightbox%26settings%3DeyJpZCI6MTMxLCJ1cmwiOiJodHRwczpcL1wvc2lsdmVyZ2FtZXMuY29tLmJyXC93cC1jb250ZW50XC91cGxvYWRzXC8yMDIyXC8xMVwvZXF1aXBlLWdhbGVyaWFfMDYuanBnIiwic2xpZGVzaG93IjoiNjkwOGZmMiJ9\" href='https:\/\/silvergames.com.br\/wp-content\/uploads\/2022\/11\/equipe-galeria_06.jpg'><img loading=\"lazy\" decoding=\"async\" width=\"768\" height=\"494\" src=\"https:\/\/silvergames.com.br\/wp-content\/uploads\/2022\/11\/equipe-galeria_06-768x494.jpg\" class=\"attachment-medium_large size-medium_large\" alt=\"\" srcset=\"https:\/\/silvergames.com.br\/wp-content\/uploads\/2022\/11\/equipe-galeria_06-768x494.jpg 768w, https:\/\/silvergames.com.br\/wp-content\/uploads\/2022\/11\/equipe-galeria_06-300x193.jpg 300w, https:\/\/silvergames.com.br\/wp-content\/uploads\/2022\/11\/equipe-galeria_06.jpg 1000w\" sizes=\"auto, (max-width: 768px) 100vw, 768px\" \/><\/a>\n\t\t\t<\/div><\/figure><figure class='gallery-item'>\n\t\t\t<div class='gallery-icon landscape'>\n\t\t\t\t<a data-elementor-open-lightbox=\"yes\" data-elementor-lightbox-slideshow=\"6908ff2\" data-elementor-lightbox-title=\"Equipe Silver Games\" data-e-action-hash=\"#elementor-action%3Aaction%3Dlightbox%26settings%3DeyJpZCI6MTI4LCJ1cmwiOiJodHRwczpcL1wvc2lsdmVyZ2FtZXMuY29tLmJyXC93cC1jb250ZW50XC91cGxvYWRzXC8yMDIyXC8xMVwvZXF1aXBlLWdhbGVyaWFfMDMuanBnIiwic2xpZGVzaG93IjoiNjkwOGZmMiJ9\" href='https:\/\/silvergames.com.br\/wp-content\/uploads\/2022\/11\/equipe-galeria_03.jpg'><img loading=\"lazy\" decoding=\"async\" width=\"768\" height=\"494\" src=\"https:\/\/silvergames.com.br\/wp-content\/uploads\/2022\/11\/equipe-galeria_03-768x494.jpg\" class=\"attachment-medium_large size-medium_large\" alt=\"\" srcset=\"https:\/\/silvergames.com.br\/wp-content\/uploads\/2022\/11\/equipe-galeria_03-768x494.jpg 768w, https:\/\/silvergames.com.br\/wp-content\/uploads\/2022\/11\/equipe-galeria_03-300x193.jpg 300w, https:\/\/silvergames.com.br\/wp-content\/uploads\/2022\/11\/equipe-galeria_03.jpg 1000w\" sizes=\"auto, (max-width: 768px) 100vw, 768px\" \/><\/a>\n\t\t\t<\/div><\/figure><figure class='gallery-item'>\n\t\t\t<div class='gallery-icon landscape'>\n\t\t\t\t<a data-elementor-open-lightbox=\"yes\" data-elementor-lightbox-slideshow=\"6908ff2\" data-elementor-lightbox-title=\"Equipe Silver Games\" data-e-action-hash=\"#elementor-action%3Aaction%3Dlightbox%26settings%3DeyJpZCI6MTI5LCJ1cmwiOiJodHRwczpcL1wvc2lsdmVyZ2FtZXMuY29tLmJyXC93cC1jb250ZW50XC91cGxvYWRzXC8yMDIyXC8xMVwvZXF1aXBlLWdhbGVyaWFfMDQuanBnIiwic2xpZGVzaG93IjoiNjkwOGZmMiJ9\" href='https:\/\/silvergames.com.br\/wp-content\/uploads\/2022\/11\/equipe-galeria_04.jpg'><img loading=\"lazy\" decoding=\"async\" width=\"768\" height=\"494\" src=\"https:\/\/silvergames.com.br\/wp-content\/uploads\/2022\/11\/equipe-galeria_04-768x494.jpg\" class=\"attachment-medium_large size-medium_large\" alt=\"\" srcset=\"https:\/\/silvergames.com.br\/wp-content\/uploads\/2022\/11\/equipe-galeria_04-768x494.jpg 768w, https:\/\/silvergames.com.br\/wp-content\/uploads\/2022\/11\/equipe-galeria_04-300x193.jpg 300w, https:\/\/silvergames.com.br\/wp-content\/uploads\/2022\/11\/equipe-galeria_04.jpg 1000w\" sizes=\"auto, (max-width: 768px) 100vw, 768px\" \/><\/a>\n\t\t\t<\/div><\/figure><figure class='gallery-item'>\n\t\t\t<div class='gallery-icon landscape'>\n\t\t\t\t<a data-elementor-open-lightbox=\"yes\" data-elementor-lightbox-slideshow=\"6908ff2\" data-elementor-lightbox-title=\"Equipe Silver Games\" data-e-action-hash=\"#elementor-action%3Aaction%3Dlightbox%26settings%3DeyJpZCI6MTI2LCJ1cmwiOiJodHRwczpcL1wvc2lsdmVyZ2FtZXMuY29tLmJyXC93cC1jb250ZW50XC91cGxvYWRzXC8yMDIyXC8xMVwvZXF1aXBlLWdhbGVyaWFfMDEuanBnIiwic2xpZGVzaG93IjoiNjkwOGZmMiJ9\" href='https:\/\/silvergames.com.br\/wp-content\/uploads\/2022\/11\/equipe-galeria_01.jpg'><img loading=\"lazy\" decoding=\"async\" width=\"768\" height=\"494\" src=\"https:\/\/silvergames.com.br\/wp-content\/uploads\/2022\/11\/equipe-galeria_01-768x494.jpg\" class=\"attachment-medium_large size-medium_large\" alt=\"\" srcset=\"https:\/\/silvergames.com.br\/wp-content\/uploads\/2022\/11\/equipe-galeria_01-768x494.jpg 768w, https:\/\/silvergames.com.br\/wp-content\/uploads\/2022\/11\/equipe-galeria_01-300x193.jpg 300w, https:\/\/silvergames.com.br\/wp-content\/uploads\/2022\/11\/equipe-galeria_01.jpg 1000w\" sizes=\"auto, (max-width: 768px) 100vw, 768px\" \/><\/a>\n\t\t\t<\/div><\/figure><figure class='gallery-item'>\n\t\t\t<div class='gallery-icon landscape'>\n\t\t\t\t<a data-elementor-open-lightbox=\"yes\" data-elementor-lightbox-slideshow=\"6908ff2\" data-elementor-lightbox-title=\"Equipe Silver Games\" data-e-action-hash=\"#elementor-action%3Aaction%3Dlightbox%26settings%3DeyJpZCI6MTMwLCJ1cmwiOiJodHRwczpcL1wvc2lsdmVyZ2FtZXMuY29tLmJyXC93cC1jb250ZW50XC91cGxvYWRzXC8yMDIyXC8xMVwvZXF1aXBlLWdhbGVyaWFfMDUuanBnIiwic2xpZGVzaG93IjoiNjkwOGZmMiJ9\" href='https:\/\/silvergames.com.br\/wp-content\/uploads\/2022\/11\/equipe-galeria_05.jpg'><img loading=\"lazy\" decoding=\"async\" width=\"768\" height=\"494\" src=\"https:\/\/silvergames.com.br\/wp-content\/uploads\/2022\/11\/equipe-galeria_05-768x494.jpg\" class=\"attachment-medium_large size-medium_large\" alt=\"\" srcset=\"https:\/\/silvergames.com.br\/wp-content\/uploads\/2022\/11\/equipe-galeria_05-768x494.jpg 768w, https:\/\/silvergames.com.br\/wp-content\/uploads\/2022\/11\/equipe-galeria_05-300x193.jpg 300w, https:\/\/silvergames.com.br\/wp-content\/uploads\/2022\/11\/equipe-galeria_05.jpg 1000w\" sizes=\"auto, (max-width: 768px) 100vw, 768px\" \/><\/a>\n\t\t\t<\/div><\/figure>\n\t\t<\/div>\n\t\t<\/div>\n\t\t\t\t<\/div>\n\t\t\t\t<\/div>\n\t\t\t\t\t<\/div>\n\t\t<\/div>\n\t\t\t\t\t\t\t<\/div>\n\t\t<\/section>\n\t\t\t\t<section class=\"elementor-section elementor-top-section elementor-element elementor-element-7f5f0d1 elementor-section-height-min-height elementor-section-boxed elementor-section-height-default elementor-section-items-middle\" data-id=\"7f5f0d1\" data-element_type=\"section\" id=\"equipe\" data-settings=\"{&quot;background_background&quot;:&quot;classic&quot;}\">\n\t\t\t\t\t\t\t<div class=\"elementor-background-overlay\"><\/div>\n\t\t\t\t\t\t\t<div class=\"elementor-container elementor-column-gap-no\">\n\t\t\t\t\t<div class=\"elementor-column elementor-col-50 elementor-top-column elementor-element elementor-element-fc3ddba\" data-id=\"fc3ddba\" data-element_type=\"column\">\n\t\t\t<div class=\"elementor-widget-wrap elementor-element-populated\">\n\t\t\t\t\t\t\t\t<section class=\"elementor-section elementor-inner-section elementor-element elementor-element-8f828ec elementor-section-boxed elementor-section-height-default elementor-section-height-default\" data-id=\"8f828ec\" data-element_type=\"section\" data-settings=\"{&quot;background_background&quot;:&quot;classic&quot;}\">\n\t\t\t\t\t\t\t<div class=\"elementor-background-overlay\"><\/div>\n\t\t\t\t\t\t\t<div class=\"elementor-container elementor-column-gap-no\">\n\t\t\t\t\t<div class=\"elementor-column elementor-col-100 elementor-inner-column elementor-element elementor-element-ab8718e\" data-id=\"ab8718e\" data-element_type=\"column\">\n\t\t\t<div class=\"elementor-widget-wrap elementor-element-populated\">\n\t\t\t\t\t\t\t\t<div class=\"elementor-element elementor-element-b6c05f9 elementor-widget elementor-widget-heading\" data-id=\"b6c05f9\" data-element_type=\"widget\" data-widget_type=\"heading.default\">\n\t\t\t\t<div class=\"elementor-widget-container\">\n\t\t\t<h2 class=\"elementor-heading-title elementor-size-default\">OUR TEAM<\/h2>\t\t<\/div>\n\t\t\t\t<\/div>\n\t\t\t\t<div class=\"elementor-element elementor-element-e21b277 elementor-widget-divider--view-line elementor-widget elementor-widget-divider\" data-id=\"e21b277\" data-element_type=\"widget\" data-widget_type=\"divider.default\">\n\t\t\t\t<div class=\"elementor-widget-container\">\n\t\t\t\t\t<div class=\"elementor-divider\">\n\t\t\t<span class=\"elementor-divider-separator\">\n\t\t\t\t\t\t<\/span>\n\t\t<\/div>\n\t\t\t\t<\/div>\n\t\t\t\t<\/div>\n\t\t\t\t<div class=\"elementor-element elementor-element-4e7a996 elementor-widget elementor-widget-text-editor\" data-id=\"4e7a996\" data-element_type=\"widget\" data-widget_type=\"text-editor.default\">\n\t\t\t\t<div class=\"elementor-widget-container\">\n\t\t\t\t\t\t\t<p>We, at Silver Games, try to be a gaming company oriented by the values of commitment, quality and inovation in the products we develop, sharing great results with our partners.<\/p>\t\t\t\t\t\t<\/div>\n\t\t\t\t<\/div>\n\t\t\t\t\t<\/div>\n\t\t<\/div>\n\t\t\t\t\t\t\t<\/div>\n\t\t<\/section>\n\t\t\t\t\t<\/div>\n\t\t<\/div>\n\t\t\t\t<div class=\"elementor-column elementor-col-50 elementor-top-column elementor-element elementor-element-ce5995d\" data-id=\"ce5995d\" data-element_type=\"column\">\n\t\t\t<div class=\"elementor-widget-wrap\">\n\t\t\t\t\t\t\t\t\t<\/div>\n\t\t<\/div>\n\t\t\t\t\t\t\t<\/div>\n\t\t<\/section>\n\t\t\t\t\t\t\t<\/div>","protected":false},"excerpt":{"rendered":"<p>NOSSA EMPRESA A Silver Games foi criada em 2017 na cidade de Brusque, em Santa Catarina. Lan\u00e7amos uma plataforma gamificada, divertida e simples de marketing que revolucionou o mercado de games, tornando-se assim uma refer\u00eancia no segmento. Nossa miss\u00e3o \u00e9 transformar o mercado de games atrav\u00e9s de produtos inovadores, que proporcionem aos jogadores uma experi\u00eancia&#8230;<\/p>","protected":false},"author":1,"featured_media":0,"parent":0,"menu_order":0,"comment_status":"closed","ping_status":"closed","template":"","meta":{"_kad_post_transparent":"","_kad_post_title":"hide","_kad_post_layout":"fullwidth","_kad_post_sidebar_id":"","_kad_post_content_style":"unboxed","_kad_post_vertical_padding":"hide","_kad_post_feature":"hide","_kad_post_feature_position":"","_kad_post_header":false,"_kad_post_footer":false,"footnotes":""},"class_list":["post-108","page","type-page","status-publish","hentry"],"aioseo_notices":[],"_links":{"self":[{"href":"https:\/\/silvergames.com.br\/en\/wp-json\/wp\/v2\/pages\/108","targetHints":{"allow":["GET"]}}],"collection":[{"href":"https:\/\/silvergames.com.br\/en\/wp-json\/wp\/v2\/pages"}],"about":[{"href":"https:\/\/silvergames.com.br\/en\/wp-json\/wp\/v2\/types\/page"}],"author":[{"embeddable":true,"href":"https:\/\/silvergames.com.br\/en\/wp-json\/wp\/v2\/users\/1"}],"replies":[{"embeddable":true,"href":"https:\/\/silvergames.com.br\/en\/wp-json\/wp\/v2\/comments?post=108"}],"version-history":[{"count":25,"href":"https:\/\/silvergames.com.br\/en\/wp-json\/wp\/v2\/pages\/108\/revisions"}],"predecessor-version":[{"id":542,"href":"https:\/\/silvergames.com.br\/en\/wp-json\/wp\/v2\/pages\/108\/revisions\/542"}],"wp:attachment":[{"href":"https:\/\/silvergames.com.br\/en\/wp-json\/wp\/v2\/media?parent=108"}],"curies":[{"name":"wp","href":"https:\/\/api.w.org\/{rel}","templated":true}]}}