{"id":277,"date":"2022-11-07T14:53:29","date_gmt":"2022-11-07T17:53:29","guid":{"rendered":"https:\/\/silvergames.com.br\/?page_id=277"},"modified":"2022-11-07T15:12:21","modified_gmt":"2022-11-07T18:12:21","slug":"agradecimento-formulario","status":"publish","type":"page","link":"https:\/\/silvergames.com.br\/en\/agradecimento-formulario\/","title":{"rendered":"Agradecimento Envio"},"content":{"rendered":"<div data-elementor-type=\"wp-page\" data-elementor-id=\"277\" class=\"elementor elementor-277\">\n\t\t\t\t\t\t\t\t\t<section class=\"elementor-section elementor-top-section elementor-element elementor-element-d321d9c elementor-section-height-full elementor-section-boxed elementor-section-height-default elementor-section-items-middle\" data-id=\"d321d9c\" data-element_type=\"section\" data-settings=\"{&quot;background_background&quot;:&quot;classic&quot;}\">\n\t\t\t\t\t\t\t<div class=\"elementor-background-overlay\"><\/div>\n\t\t\t\t\t\t\t<div class=\"elementor-container elementor-column-gap-default\">\n\t\t\t\t\t<div class=\"elementor-column elementor-col-100 elementor-top-column elementor-element elementor-element-e1deddc\" data-id=\"e1deddc\" data-element_type=\"column\">\n\t\t\t<div class=\"elementor-widget-wrap elementor-element-populated\">\n\t\t\t\t\t\t\t\t<div class=\"elementor-element elementor-element-590eeb1 elementor-widget elementor-widget-heading\" data-id=\"590eeb1\" data-element_type=\"widget\" data-widget_type=\"heading.default\">\n\t\t\t\t<div class=\"elementor-widget-container\">\n\t\t\t<style>\/*! elementor - v3.17.0 - 01-11-2023 *\/\n.elementor-heading-title{padding:0;margin:0;line-height:1}.elementor-widget-heading .elementor-heading-title[class*=elementor-size-]>a{color:inherit;font-size:inherit;line-height:inherit}.elementor-widget-heading .elementor-heading-title.elementor-size-small{font-size:15px}.elementor-widget-heading .elementor-heading-title.elementor-size-medium{font-size:19px}.elementor-widget-heading .elementor-heading-title.elementor-size-large{font-size:29px}.elementor-widget-heading .elementor-heading-title.elementor-size-xl{font-size:39px}.elementor-widget-heading .elementor-heading-title.elementor-size-xxl{font-size:59px}<\/style><h1 class=\"elementor-heading-title elementor-size-default\">Agradecemos pelo <span style=\"color:#E5602C; font-weight:900;\">envio do formul\u00e1rio!<\/span><\/h1>\t\t<\/div>\n\t\t\t\t<\/div>\n\t\t\t\t<div class=\"elementor-element elementor-element-97e3b74 elementor-widget elementor-widget-heading\" data-id=\"97e3b74\" data-element_type=\"widget\" data-widget_type=\"heading.default\">\n\t\t\t\t<div class=\"elementor-widget-container\">\n\t\t\t<p class=\"elementor-heading-title elementor-size-default\">Suas informa\u00e7\u00f5es est\u00e3o seguras com a gente.<\/p>\t\t<\/div>\n\t\t\t\t<\/div>\n\t\t\t\t<div class=\"elementor-element elementor-element-818b48b elementor-align-center elementor-tablet-align-center elementor-widget elementor-widget-button\" data-id=\"818b48b\" data-element_type=\"widget\" data-widget_type=\"button.default\">\n\t\t\t\t<div class=\"elementor-widget-container\">\n\t\t\t\t\t<div class=\"elementor-button-wrapper\">\n\t\t\t<a class=\"elementor-button elementor-button-link elementor-size-sm\" href=\"https:\/\/silvergames.com.br\/en\/\">\n\t\t\t\t\t\t<span class=\"elementor-button-content-wrapper\">\n\t\t\t\t\t\t<span class=\"elementor-button-icon elementor-align-icon-right\">\n\t\t\t\t<svg xmlns=\"http:\/\/www.w3.org\/2000\/svg\" id=\"Camada_1\" data-name=\"Camada 1\" viewbox=\"0 0 22.13 22.13\"><path d=\"M2.42,1.42a1.51,1.51,0,0,1,.47-.32A1.41,1.41,0,0,1,3.43,1H21.58a1.54,1.54,0,0,1,.55.11,1.45,1.45,0,0,1,.77.77,1.54,1.54,0,0,1,.11.55V20.57a1.5,1.5,0,0,1-.11.55,1.44,1.44,0,0,1-.31.46,1.38,1.38,0,0,1-.47.31,1.41,1.41,0,0,1-1.09,0,1.48,1.48,0,0,1-.47-.31,1.62,1.62,0,0,1-.31-.46,1.49,1.49,0,0,1-.1-.55V3.84l-16.73,0a1.5,1.5,0,0,1-.55-.11,1.44,1.44,0,0,1-.46-.31A1.33,1.33,0,0,1,2.11,3a1.41,1.41,0,0,1,0-1.09A1.33,1.33,0,0,1,2.42,1.42Z\" transform=\"translate(-0.93 -0.93)\"><\/path><path d=\"M1.22,20.76,20.76,1.22a1.1,1.1,0,0,1,.87-.28,1.61,1.61,0,0,1,.95.48,1.61,1.61,0,0,1,.48,1,1.1,1.1,0,0,1-.28.87L3.24,22.78a1.06,1.06,0,0,1-.87.28,1.61,1.61,0,0,1-1-.48,1.61,1.61,0,0,1-.48-.95A1.1,1.1,0,0,1,1.22,20.76Z\" transform=\"translate(-0.93 -0.93)\"><\/path><\/svg>\t\t\t<\/span>\n\t\t\t\t\t\t<span class=\"elementor-button-text\">voltar para o in\u00edcio<\/span>\n\t\t<\/span>\n\t\t\t\t\t<\/a>\n\t\t<\/div>\n\t\t\t\t<\/div>\n\t\t\t\t<\/div>\n\t\t\t\t\t<\/div>\n\t\t<\/div>\n\t\t\t\t\t\t\t<\/div>\n\t\t<\/section>\n\t\t\t\t\t\t\t<\/div>","protected":false},"excerpt":{"rendered":"<p>Agradecemos pelo envio do formul\u00e1rio! Suas informa\u00e7\u00f5es est\u00e3o seguras com a gente. voltar para o in\u00edcio<\/p>","protected":false},"author":1,"featured_media":0,"parent":0,"menu_order":0,"comment_status":"closed","ping_status":"closed","template":"elementor_canvas","meta":{"_kad_post_transparent":"","_kad_post_title":"hide","_kad_post_layout":"fullwidth","_kad_post_sidebar_id":"","_kad_post_content_style":"unboxed","_kad_post_vertical_padding":"hide","_kad_post_feature":"hide","_kad_post_feature_position":"","_kad_post_header":false,"_kad_post_footer":false,"footnotes":""},"class_list":["post-277","page","type-page","status-publish","hentry"],"aioseo_notices":[],"_links":{"self":[{"href":"https:\/\/silvergames.com.br\/en\/wp-json\/wp\/v2\/pages\/277","targetHints":{"allow":["GET"]}}],"collection":[{"href":"https:\/\/silvergames.com.br\/en\/wp-json\/wp\/v2\/pages"}],"about":[{"href":"https:\/\/silvergames.com.br\/en\/wp-json\/wp\/v2\/types\/page"}],"author":[{"embeddable":true,"href":"https:\/\/silvergames.com.br\/en\/wp-json\/wp\/v2\/users\/1"}],"replies":[{"embeddable":true,"href":"https:\/\/silvergames.com.br\/en\/wp-json\/wp\/v2\/comments?post=277"}],"version-history":[{"count":11,"href":"https:\/\/silvergames.com.br\/en\/wp-json\/wp\/v2\/pages\/277\/revisions"}],"predecessor-version":[{"id":293,"href":"https:\/\/silvergames.com.br\/en\/wp-json\/wp\/v2\/pages\/277\/revisions\/293"}],"wp:attachment":[{"href":"https:\/\/silvergames.com.br\/en\/wp-json\/wp\/v2\/media?parent=277"}],"curies":[{"name":"wp","href":"https:\/\/api.w.org\/{rel}","templated":true}]}}